{"id":39312,"date":"2024-02-21T07:35:57","date_gmt":"2024-02-21T07:35:57","guid":{"rendered":"https:\/\/baltled.com\/?post_type=product&#038;p=39312"},"modified":"2025-02-13T13:37:00","modified_gmt":"2025-02-13T13:37:00","slug":"duo-w1","status":"publish","type":"product","link":"https:\/\/baltled.com\/pl\/product\/duo-w1\/","title":{"rendered":"DUO W1"},"content":{"rendered":"","protected":false},"excerpt":{"rendered":"<div>DUO W1 \u2013 idealne rozwi\u0105zanie do o\u015bwietlania p\u0142ytkich i \u015brednich kaseton\u00f3w dwustronnych (80-160 mm). Modu\u0142y te zapewniaj\u0105 r\u00f3wnomierne i jasne o\u015bwietlenie na r\u00f3\u017cnych materia\u0142ach, takich jak szk\u0142o akrylowe lub tekstylia o wysoko\u015bci do 1,5 metra w skrzynkach LED. Wykonane z wysokiej jako\u015bci komponent\u00f3w modu\u0142y DUO W1 wykazuj\u0105 ekstremaln\u0105 wytrzyma\u0142o\u015b\u0107 w trudnych warunkach pracy (IP66) i posiadaj\u0105 5-letni\u0105 gwarancj\u0119 z L80 na 50 000 godzin.<\/div>\n<div>\n<div><strong>Aplikacja<\/strong><\/div>\n<div>\n<ul>\n<li>Kasetony dwustronne o g\u0142\u0119boko\u015bci od 80 do 160 mm<\/li>\n<li>Maksymalna wysoko\u015b\u0107 kasetonu 1 500 mm<\/li>\n<li>Wiaty przystankowe, billboardy<\/li>\n<\/ul>\n<\/div>\n<\/div>\n<div>\n<div><strong>Cechy i Zalety<\/strong><\/div>\n<div>\n<ul>\n<li>5 lat gwarancji<\/li>\n<li>Zintegrowany kontroler CC<\/li>\n<li>Stopie\u0144 ochrony IP66<\/li>\n<li>Specjalna zoptymalizowana soczewka eliptyczna 18\u00d750<\/li>\n<li>CRI 80<\/li>\n<li>Rozwi\u0105zanie 12 V<\/li>\n<\/ul>\n<\/div>\n<\/div>\n","protected":false},"featured_media":40010,"template":"","meta":[],"product_brand":[],"product_cat":[716,708,707,719],"product_tag":[],"class_list":{"0":"post-39312","1":"product","2":"type-product","3":"status-publish","4":"has-post-thumbnail","6":"product_cat-kasetony-dwustronne","7":"product_cat-moduly-led","8":"product_cat-produktow","9":"product_cat-zastosowania","12":"first","13":"instock","14":"sale","15":"shipping-taxable","16":"purchasable","17":"product-type-simple"},"acf":[],"yoast_head":"<!-- This site is optimized with the Yoast SEO plugin v27.3 - https:\/\/yoast.com\/product\/yoast-seo-wordpress\/ -->\n<title>DUO W1 -<\/title>\n<meta name=\"robots\" content=\"index, follow, max-snippet:-1, max-image-preview:large, max-video-preview:-1\" \/>\n<link rel=\"canonical\" href=\"https:\/\/baltled.com\/pl\/product\/duo-w1\/\" \/>\n<meta property=\"og:locale\" content=\"pl_PL\" \/>\n<meta property=\"og:type\" content=\"article\" \/>\n<meta property=\"og:title\" content=\"DUO W1 -\" \/>\n<meta property=\"og:description\" content=\"DUO W1 \u2013 idealne rozwi\u0105zanie do o\u015bwietlania p\u0142ytkich i \u015brednich kaseton\u00f3w dwustronnych (80-160 mm). Modu\u0142y te zapewniaj\u0105 r\u00f3wnomierne i jasne o\u015bwietlenie na r\u00f3\u017cnych materia\u0142ach, takich jak szk\u0142o akrylowe lub tekstylia o wysoko\u015bci do 1,5 metra w skrzynkach LED. Wykonane z wysokiej jako\u015bci komponent\u00f3w modu\u0142y DUO W1 wykazuj\u0105 ekstremaln\u0105 wytrzyma\u0142o\u015b\u0107 w trudnych warunkach pracy (IP66) i posiadaj\u0105 5-letni\u0105 gwarancj\u0119 z L80 na 50 000 godzin.  Aplikacja    Kasetony dwustronne o g\u0142\u0119boko\u015bci od 80 do 160 mm  Maksymalna wysoko\u015b\u0107 kasetonu 1 500 mm  Wiaty przystankowe, billboardy     Cechy i Zalety    5 lat gwarancji  Zintegrowany kontroler CC  Stopie\u0144 ochrony IP66  Specjalna zoptymalizowana soczewka eliptyczna 18\u00d750  CRI 80  Rozwi\u0105zanie 12 V\" \/>\n<meta property=\"og:url\" content=\"https:\/\/baltled.com\/pl\/product\/duo-w1\/\" \/>\n<meta property=\"article:modified_time\" content=\"2025-02-13T13:37:00+00:00\" \/>\n<meta property=\"og:image\" content=\"https:\/\/baltled.com\/wp-content\/uploads\/2024\/02\/Baltled-LED-modules-Duo-W1-1.png\" \/>\n\t<meta property=\"og:image:width\" content=\"1000\" \/>\n\t<meta property=\"og:image:height\" content=\"1000\" \/>\n\t<meta property=\"og:image:type\" content=\"image\/png\" \/>\n<meta name=\"twitter:card\" content=\"summary_large_image\" \/>\n<meta name=\"twitter:label1\" content=\"Szacowany czas czytania\" \/>\n\t<meta name=\"twitter:data1\" content=\"1 minuta\" \/>\n<script type=\"application\/ld+json\" class=\"yoast-schema-graph\">{\"@context\":\"https:\\\/\\\/schema.org\",\"@graph\":[{\"@type\":\"WebPage\",\"@id\":\"https:\\\/\\\/baltled.com\\\/pl\\\/product\\\/duo-w1\\\/\",\"url\":\"https:\\\/\\\/baltled.com\\\/pl\\\/product\\\/duo-w1\\\/\",\"name\":\"DUO W1 -\",\"isPartOf\":{\"@id\":\"https:\\\/\\\/baltled.com\\\/pl\\\/#website\"},\"primaryImageOfPage\":{\"@id\":\"https:\\\/\\\/baltled.com\\\/pl\\\/product\\\/duo-w1\\\/#primaryimage\"},\"image\":{\"@id\":\"https:\\\/\\\/baltled.com\\\/pl\\\/product\\\/duo-w1\\\/#primaryimage\"},\"thumbnailUrl\":\"https:\\\/\\\/baltled.com\\\/wp-content\\\/uploads\\\/2024\\\/02\\\/Baltled-LED-modules-Duo-W1-1.png\",\"datePublished\":\"2024-02-21T07:35:57+00:00\",\"dateModified\":\"2025-02-13T13:37:00+00:00\",\"breadcrumb\":{\"@id\":\"https:\\\/\\\/baltled.com\\\/pl\\\/product\\\/duo-w1\\\/#breadcrumb\"},\"inLanguage\":\"pl-PL\",\"potentialAction\":[{\"@type\":\"ReadAction\",\"target\":[\"https:\\\/\\\/baltled.com\\\/pl\\\/product\\\/duo-w1\\\/\"]}]},{\"@type\":\"ImageObject\",\"inLanguage\":\"pl-PL\",\"@id\":\"https:\\\/\\\/baltled.com\\\/pl\\\/product\\\/duo-w1\\\/#primaryimage\",\"url\":\"https:\\\/\\\/baltled.com\\\/wp-content\\\/uploads\\\/2024\\\/02\\\/Baltled-LED-modules-Duo-W1-1.png\",\"contentUrl\":\"https:\\\/\\\/baltled.com\\\/wp-content\\\/uploads\\\/2024\\\/02\\\/Baltled-LED-modules-Duo-W1-1.png\",\"width\":1000,\"height\":1000},{\"@type\":\"BreadcrumbList\",\"@id\":\"https:\\\/\\\/baltled.com\\\/pl\\\/product\\\/duo-w1\\\/#breadcrumb\",\"itemListElement\":[{\"@type\":\"ListItem\",\"position\":1,\"name\":\"Home\",\"item\":\"https:\\\/\\\/baltled.com\\\/pl\\\/\"},{\"@type\":\"ListItem\",\"position\":2,\"name\":\"Shop\",\"item\":\"https:\\\/\\\/baltled.com\\\/shop\\\/\"},{\"@type\":\"ListItem\",\"position\":3,\"name\":\"DUO W1\"}]},{\"@type\":\"WebSite\",\"@id\":\"https:\\\/\\\/baltled.com\\\/pl\\\/#website\",\"url\":\"https:\\\/\\\/baltled.com\\\/pl\\\/\",\"name\":\"\",\"description\":\"| BaltLED.com\",\"potentialAction\":[{\"@type\":\"SearchAction\",\"target\":{\"@type\":\"EntryPoint\",\"urlTemplate\":\"https:\\\/\\\/baltled.com\\\/pl\\\/?s={search_term_string}\"},\"query-input\":{\"@type\":\"PropertyValueSpecification\",\"valueRequired\":true,\"valueName\":\"search_term_string\"}}],\"inLanguage\":\"pl-PL\"}]}<\/script>\n<!-- \/ Yoast SEO plugin. -->","yoast_head_json":{"title":"DUO W1 -","robots":{"index":"index","follow":"follow","max-snippet":"max-snippet:-1","max-image-preview":"max-image-preview:large","max-video-preview":"max-video-preview:-1"},"canonical":"https:\/\/baltled.com\/pl\/product\/duo-w1\/","og_locale":"pl_PL","og_type":"article","og_title":"DUO W1 -","og_description":"DUO W1 \u2013 idealne rozwi\u0105zanie do o\u015bwietlania p\u0142ytkich i \u015brednich kaseton\u00f3w dwustronnych (80-160 mm). Modu\u0142y te zapewniaj\u0105 r\u00f3wnomierne i jasne o\u015bwietlenie na r\u00f3\u017cnych materia\u0142ach, takich jak szk\u0142o akrylowe lub tekstylia o wysoko\u015bci do 1,5 metra w skrzynkach LED. Wykonane z wysokiej jako\u015bci komponent\u00f3w modu\u0142y DUO W1 wykazuj\u0105 ekstremaln\u0105 wytrzyma\u0142o\u015b\u0107 w trudnych warunkach pracy (IP66) i posiadaj\u0105 5-letni\u0105 gwarancj\u0119 z L80 na 50 000 godzin.  Aplikacja    Kasetony dwustronne o g\u0142\u0119boko\u015bci od 80 do 160 mm  Maksymalna wysoko\u015b\u0107 kasetonu 1 500 mm  Wiaty przystankowe, billboardy     Cechy i Zalety    5 lat gwarancji  Zintegrowany kontroler CC  Stopie\u0144 ochrony IP66  Specjalna zoptymalizowana soczewka eliptyczna 18\u00d750  CRI 80  Rozwi\u0105zanie 12 V","og_url":"https:\/\/baltled.com\/pl\/product\/duo-w1\/","article_modified_time":"2025-02-13T13:37:00+00:00","og_image":[{"width":1000,"height":1000,"url":"https:\/\/baltled.com\/wp-content\/uploads\/2024\/02\/Baltled-LED-modules-Duo-W1-1.png","type":"image\/png"}],"twitter_card":"summary_large_image","twitter_misc":{"Szacowany czas czytania":"1 minuta"},"schema":{"@context":"https:\/\/schema.org","@graph":[{"@type":"WebPage","@id":"https:\/\/baltled.com\/pl\/product\/duo-w1\/","url":"https:\/\/baltled.com\/pl\/product\/duo-w1\/","name":"DUO W1 -","isPartOf":{"@id":"https:\/\/baltled.com\/pl\/#website"},"primaryImageOfPage":{"@id":"https:\/\/baltled.com\/pl\/product\/duo-w1\/#primaryimage"},"image":{"@id":"https:\/\/baltled.com\/pl\/product\/duo-w1\/#primaryimage"},"thumbnailUrl":"https:\/\/baltled.com\/wp-content\/uploads\/2024\/02\/Baltled-LED-modules-Duo-W1-1.png","datePublished":"2024-02-21T07:35:57+00:00","dateModified":"2025-02-13T13:37:00+00:00","breadcrumb":{"@id":"https:\/\/baltled.com\/pl\/product\/duo-w1\/#breadcrumb"},"inLanguage":"pl-PL","potentialAction":[{"@type":"ReadAction","target":["https:\/\/baltled.com\/pl\/product\/duo-w1\/"]}]},{"@type":"ImageObject","inLanguage":"pl-PL","@id":"https:\/\/baltled.com\/pl\/product\/duo-w1\/#primaryimage","url":"https:\/\/baltled.com\/wp-content\/uploads\/2024\/02\/Baltled-LED-modules-Duo-W1-1.png","contentUrl":"https:\/\/baltled.com\/wp-content\/uploads\/2024\/02\/Baltled-LED-modules-Duo-W1-1.png","width":1000,"height":1000},{"@type":"BreadcrumbList","@id":"https:\/\/baltled.com\/pl\/product\/duo-w1\/#breadcrumb","itemListElement":[{"@type":"ListItem","position":1,"name":"Home","item":"https:\/\/baltled.com\/pl\/"},{"@type":"ListItem","position":2,"name":"Shop","item":"https:\/\/baltled.com\/shop\/"},{"@type":"ListItem","position":3,"name":"DUO W1"}]},{"@type":"WebSite","@id":"https:\/\/baltled.com\/pl\/#website","url":"https:\/\/baltled.com\/pl\/","name":"","description":"| BaltLED.com","potentialAction":[{"@type":"SearchAction","target":{"@type":"EntryPoint","urlTemplate":"https:\/\/baltled.com\/pl\/?s={search_term_string}"},"query-input":{"@type":"PropertyValueSpecification","valueRequired":true,"valueName":"search_term_string"}}],"inLanguage":"pl-PL"}]}},"_links":{"self":[{"href":"https:\/\/baltled.com\/pl\/wp-json\/wp\/v2\/product\/39312","targetHints":{"allow":["GET"]}}],"collection":[{"href":"https:\/\/baltled.com\/pl\/wp-json\/wp\/v2\/product"}],"about":[{"href":"https:\/\/baltled.com\/pl\/wp-json\/wp\/v2\/types\/product"}],"wp:featuredmedia":[{"embeddable":true,"href":"https:\/\/baltled.com\/pl\/wp-json\/wp\/v2\/media\/40010"}],"wp:attachment":[{"href":"https:\/\/baltled.com\/pl\/wp-json\/wp\/v2\/media?parent=39312"}],"wp:term":[{"taxonomy":"product_brand","embeddable":true,"href":"https:\/\/baltled.com\/pl\/wp-json\/wp\/v2\/product_brand?post=39312"},{"taxonomy":"product_cat","embeddable":true,"href":"https:\/\/baltled.com\/pl\/wp-json\/wp\/v2\/product_cat?post=39312"},{"taxonomy":"product_tag","embeddable":true,"href":"https:\/\/baltled.com\/pl\/wp-json\/wp\/v2\/product_tag?post=39312"}],"curies":[{"name":"wp","href":"https:\/\/api.w.org\/{rel}","templated":true}]}}