{"id":40907,"date":"2025-04-03T10:21:54","date_gmt":"2025-04-03T10:21:54","guid":{"rendered":"https:\/\/baltled.com\/?post_type=product&#038;p=40907"},"modified":"2025-04-25T11:04:25","modified_gmt":"2025-04-25T11:04:25","slug":"neptun-3","status":"publish","type":"product","link":"https:\/\/baltled.com\/pl\/product\/neptun-3\/","title":{"rendered":"NOWO\u015a\u0106: NEPTUN-3"},"content":{"rendered":"","protected":false},"excerpt":{"rendered":"<div>\n<p>NEPTUN-3 to kompaktowy, wysokowydajny modu\u0142 signage zaprojektowany do pracy w trudnych warunkach. Dzi\u0119ki klasie wodoszczelno\u015bci IP68, jest odporny na kurz, zanurzenie w wodzie oraz ekspozycj\u0119 na warunki atmosferyczne, co czyni go idealnym rozwi\u0105zaniem do zastosowa\u0144 zewn\u0119trznych. Zasilany napi\u0119ciem 24 V, ma smuk\u0142\u0105, niskoprofilow\u0105 konstrukcj\u0119 i umo\u017cliwia tworzenie d\u0142ugich \u0142a\u0144cuch\u00f3w do 50 modu\u0142\u00f3w, co sprawia, \u017ce jest idealny do precyzyjnego pod\u015bwietlania du\u017cych powierzchni.<\/p>\n<p><strong>Zastosowania<\/strong><\/p>\n<\/div>\n<div>\n<div>\n<ul>\n<li>Litery kana\u0142owe<\/li>\n<li>Zalecana g\u0142\u0119boko\u015b\u0107 40-100 mm<\/li>\n<\/ul>\n<\/div>\n<div>\n<div><strong>Cechy i Zalety<\/strong><\/div>\n<ul>\n<li>Stopie\u0144 ochrony IP68 \u2013 dla najbardziej wymagaj\u0105cych warunk\u00f3w<\/li>\n<li>Ultrakompaktowy rozmiar \u2013 idealny do w\u0105skich profili i ciasnych uk\u0142ad\u00f3w<\/li>\n<li>5 lat gwarancji \u2013 pewno\u015b\u0107 niezawodno\u015bci i trwa\u0142o\u015bci<\/li>\n<\/ul>\n<\/div>\n<\/div>\n","protected":false},"featured_media":40899,"template":"","meta":[],"product_brand":[],"product_cat":[714,708,707,719],"product_tag":[],"class_list":{"0":"post-40907","1":"product","2":"type-product","3":"status-publish","4":"has-post-thumbnail","6":"product_cat-litery-kanalowe","7":"product_cat-moduly-led","8":"product_cat-produktow","9":"product_cat-zastosowania","12":"first","13":"instock","14":"sale","15":"shipping-taxable","16":"purchasable","17":"product-type-simple"},"acf":[],"yoast_head":"<!-- This site is optimized with the Yoast SEO plugin v27.5 - https:\/\/yoast.com\/product\/yoast-seo-wordpress\/ -->\n<title>NOWO\u015a\u0106: NEPTUN-3 -<\/title>\n<meta name=\"robots\" content=\"index, follow, max-snippet:-1, max-image-preview:large, max-video-preview:-1\" \/>\n<link rel=\"canonical\" href=\"https:\/\/baltled.com\/pl\/product\/neptun-3\/\" \/>\n<meta property=\"og:locale\" content=\"pl_PL\" \/>\n<meta property=\"og:type\" content=\"article\" \/>\n<meta property=\"og:title\" content=\"NOWO\u015a\u0106: NEPTUN-3 -\" \/>\n<meta property=\"og:description\" content=\"NEPTUN-3 to kompaktowy, wysokowydajny modu\u0142 signage zaprojektowany do pracy w trudnych warunkach. Dzi\u0119ki klasie wodoszczelno\u015bci IP68, jest odporny na kurz, zanurzenie w wodzie oraz ekspozycj\u0119 na warunki atmosferyczne, co czyni go idealnym rozwi\u0105zaniem do zastosowa\u0144 zewn\u0119trznych. Zasilany napi\u0119ciem 24 V, ma smuk\u0142\u0105, niskoprofilow\u0105 konstrukcj\u0119 i umo\u017cliwia tworzenie d\u0142ugich \u0142a\u0144cuch\u00f3w do 50 modu\u0142\u00f3w, co sprawia, \u017ce jest idealny do precyzyjnego pod\u015bwietlania du\u017cych powierzchni.  Zastosowania       Litery kana\u0142owe  Zalecana g\u0142\u0119boko\u015b\u0107 40-100 mm    Cechy i Zalety   Stopie\u0144 ochrony IP68 \u2013 dla najbardziej wymagaj\u0105cych warunk\u00f3w  Ultrakompaktowy rozmiar \u2013 idealny do w\u0105skich profili i ciasnych uk\u0142ad\u00f3w  5 lat gwarancji \u2013 pewno\u015b\u0107 niezawodno\u015bci i trwa\u0142o\u015bci\" \/>\n<meta property=\"og:url\" content=\"https:\/\/baltled.com\/pl\/product\/neptun-3\/\" \/>\n<meta property=\"article:modified_time\" content=\"2025-04-25T11:04:25+00:00\" \/>\n<meta property=\"og:image\" content=\"https:\/\/baltled.com\/wp-content\/uploads\/2025\/04\/Baltled-LED-modules-Neptun-3.png\" \/>\n\t<meta property=\"og:image:width\" content=\"1000\" \/>\n\t<meta property=\"og:image:height\" content=\"1000\" \/>\n\t<meta property=\"og:image:type\" content=\"image\/png\" \/>\n<meta name=\"twitter:card\" content=\"summary_large_image\" \/>\n<meta name=\"twitter:label1\" content=\"Szacowany czas czytania\" \/>\n\t<meta name=\"twitter:data1\" content=\"1 minuta\" \/>\n<script type=\"application\/ld+json\" class=\"yoast-schema-graph\">{\"@context\":\"https:\\\/\\\/schema.org\",\"@graph\":[{\"@type\":\"WebPage\",\"@id\":\"https:\\\/\\\/baltled.com\\\/pl\\\/product\\\/neptun-3\\\/\",\"url\":\"https:\\\/\\\/baltled.com\\\/pl\\\/product\\\/neptun-3\\\/\",\"name\":\"NOWO\u015a\u0106: NEPTUN-3 -\",\"isPartOf\":{\"@id\":\"https:\\\/\\\/baltled.com\\\/pl\\\/#website\"},\"primaryImageOfPage\":{\"@id\":\"https:\\\/\\\/baltled.com\\\/pl\\\/product\\\/neptun-3\\\/#primaryimage\"},\"image\":{\"@id\":\"https:\\\/\\\/baltled.com\\\/pl\\\/product\\\/neptun-3\\\/#primaryimage\"},\"thumbnailUrl\":\"https:\\\/\\\/baltled.com\\\/wp-content\\\/uploads\\\/2025\\\/04\\\/Baltled-LED-modules-Neptun-3.png\",\"datePublished\":\"2025-04-03T10:21:54+00:00\",\"dateModified\":\"2025-04-25T11:04:25+00:00\",\"breadcrumb\":{\"@id\":\"https:\\\/\\\/baltled.com\\\/pl\\\/product\\\/neptun-3\\\/#breadcrumb\"},\"inLanguage\":\"pl-PL\",\"potentialAction\":[{\"@type\":\"ReadAction\",\"target\":[\"https:\\\/\\\/baltled.com\\\/pl\\\/product\\\/neptun-3\\\/\"]}]},{\"@type\":\"ImageObject\",\"inLanguage\":\"pl-PL\",\"@id\":\"https:\\\/\\\/baltled.com\\\/pl\\\/product\\\/neptun-3\\\/#primaryimage\",\"url\":\"https:\\\/\\\/baltled.com\\\/wp-content\\\/uploads\\\/2025\\\/04\\\/Baltled-LED-modules-Neptun-3.png\",\"contentUrl\":\"https:\\\/\\\/baltled.com\\\/wp-content\\\/uploads\\\/2025\\\/04\\\/Baltled-LED-modules-Neptun-3.png\",\"width\":1000,\"height\":1000},{\"@type\":\"BreadcrumbList\",\"@id\":\"https:\\\/\\\/baltled.com\\\/pl\\\/product\\\/neptun-3\\\/#breadcrumb\",\"itemListElement\":[{\"@type\":\"ListItem\",\"position\":1,\"name\":\"Home\",\"item\":\"https:\\\/\\\/baltled.com\\\/pl\\\/\"},{\"@type\":\"ListItem\",\"position\":2,\"name\":\"Shop\",\"item\":\"https:\\\/\\\/baltled.com\\\/shop\\\/\"},{\"@type\":\"ListItem\",\"position\":3,\"name\":\"NOWO\u015a\u0106: NEPTUN-3\"}]},{\"@type\":\"WebSite\",\"@id\":\"https:\\\/\\\/baltled.com\\\/pl\\\/#website\",\"url\":\"https:\\\/\\\/baltled.com\\\/pl\\\/\",\"name\":\"\",\"description\":\"| BaltLED.com\",\"potentialAction\":[{\"@type\":\"SearchAction\",\"target\":{\"@type\":\"EntryPoint\",\"urlTemplate\":\"https:\\\/\\\/baltled.com\\\/pl\\\/?s={search_term_string}\"},\"query-input\":{\"@type\":\"PropertyValueSpecification\",\"valueRequired\":true,\"valueName\":\"search_term_string\"}}],\"inLanguage\":\"pl-PL\"}]}<\/script>\n<!-- \/ Yoast SEO plugin. -->","yoast_head_json":{"title":"NOWO\u015a\u0106: NEPTUN-3 -","robots":{"index":"index","follow":"follow","max-snippet":"max-snippet:-1","max-image-preview":"max-image-preview:large","max-video-preview":"max-video-preview:-1"},"canonical":"https:\/\/baltled.com\/pl\/product\/neptun-3\/","og_locale":"pl_PL","og_type":"article","og_title":"NOWO\u015a\u0106: NEPTUN-3 -","og_description":"NEPTUN-3 to kompaktowy, wysokowydajny modu\u0142 signage zaprojektowany do pracy w trudnych warunkach. Dzi\u0119ki klasie wodoszczelno\u015bci IP68, jest odporny na kurz, zanurzenie w wodzie oraz ekspozycj\u0119 na warunki atmosferyczne, co czyni go idealnym rozwi\u0105zaniem do zastosowa\u0144 zewn\u0119trznych. Zasilany napi\u0119ciem 24 V, ma smuk\u0142\u0105, niskoprofilow\u0105 konstrukcj\u0119 i umo\u017cliwia tworzenie d\u0142ugich \u0142a\u0144cuch\u00f3w do 50 modu\u0142\u00f3w, co sprawia, \u017ce jest idealny do precyzyjnego pod\u015bwietlania du\u017cych powierzchni.  Zastosowania       Litery kana\u0142owe  Zalecana g\u0142\u0119boko\u015b\u0107 40-100 mm    Cechy i Zalety   Stopie\u0144 ochrony IP68 \u2013 dla najbardziej wymagaj\u0105cych warunk\u00f3w  Ultrakompaktowy rozmiar \u2013 idealny do w\u0105skich profili i ciasnych uk\u0142ad\u00f3w  5 lat gwarancji \u2013 pewno\u015b\u0107 niezawodno\u015bci i trwa\u0142o\u015bci","og_url":"https:\/\/baltled.com\/pl\/product\/neptun-3\/","article_modified_time":"2025-04-25T11:04:25+00:00","og_image":[{"width":1000,"height":1000,"url":"https:\/\/baltled.com\/wp-content\/uploads\/2025\/04\/Baltled-LED-modules-Neptun-3.png","type":"image\/png"}],"twitter_card":"summary_large_image","twitter_misc":{"Szacowany czas czytania":"1 minuta"},"schema":{"@context":"https:\/\/schema.org","@graph":[{"@type":"WebPage","@id":"https:\/\/baltled.com\/pl\/product\/neptun-3\/","url":"https:\/\/baltled.com\/pl\/product\/neptun-3\/","name":"NOWO\u015a\u0106: NEPTUN-3 -","isPartOf":{"@id":"https:\/\/baltled.com\/pl\/#website"},"primaryImageOfPage":{"@id":"https:\/\/baltled.com\/pl\/product\/neptun-3\/#primaryimage"},"image":{"@id":"https:\/\/baltled.com\/pl\/product\/neptun-3\/#primaryimage"},"thumbnailUrl":"https:\/\/baltled.com\/wp-content\/uploads\/2025\/04\/Baltled-LED-modules-Neptun-3.png","datePublished":"2025-04-03T10:21:54+00:00","dateModified":"2025-04-25T11:04:25+00:00","breadcrumb":{"@id":"https:\/\/baltled.com\/pl\/product\/neptun-3\/#breadcrumb"},"inLanguage":"pl-PL","potentialAction":[{"@type":"ReadAction","target":["https:\/\/baltled.com\/pl\/product\/neptun-3\/"]}]},{"@type":"ImageObject","inLanguage":"pl-PL","@id":"https:\/\/baltled.com\/pl\/product\/neptun-3\/#primaryimage","url":"https:\/\/baltled.com\/wp-content\/uploads\/2025\/04\/Baltled-LED-modules-Neptun-3.png","contentUrl":"https:\/\/baltled.com\/wp-content\/uploads\/2025\/04\/Baltled-LED-modules-Neptun-3.png","width":1000,"height":1000},{"@type":"BreadcrumbList","@id":"https:\/\/baltled.com\/pl\/product\/neptun-3\/#breadcrumb","itemListElement":[{"@type":"ListItem","position":1,"name":"Home","item":"https:\/\/baltled.com\/pl\/"},{"@type":"ListItem","position":2,"name":"Shop","item":"https:\/\/baltled.com\/shop\/"},{"@type":"ListItem","position":3,"name":"NOWO\u015a\u0106: NEPTUN-3"}]},{"@type":"WebSite","@id":"https:\/\/baltled.com\/pl\/#website","url":"https:\/\/baltled.com\/pl\/","name":"","description":"| BaltLED.com","potentialAction":[{"@type":"SearchAction","target":{"@type":"EntryPoint","urlTemplate":"https:\/\/baltled.com\/pl\/?s={search_term_string}"},"query-input":{"@type":"PropertyValueSpecification","valueRequired":true,"valueName":"search_term_string"}}],"inLanguage":"pl-PL"}]}},"_links":{"self":[{"href":"https:\/\/baltled.com\/pl\/wp-json\/wp\/v2\/product\/40907","targetHints":{"allow":["GET"]}}],"collection":[{"href":"https:\/\/baltled.com\/pl\/wp-json\/wp\/v2\/product"}],"about":[{"href":"https:\/\/baltled.com\/pl\/wp-json\/wp\/v2\/types\/product"}],"wp:featuredmedia":[{"embeddable":true,"href":"https:\/\/baltled.com\/pl\/wp-json\/wp\/v2\/media\/40899"}],"wp:attachment":[{"href":"https:\/\/baltled.com\/pl\/wp-json\/wp\/v2\/media?parent=40907"}],"wp:term":[{"taxonomy":"product_brand","embeddable":true,"href":"https:\/\/baltled.com\/pl\/wp-json\/wp\/v2\/product_brand?post=40907"},{"taxonomy":"product_cat","embeddable":true,"href":"https:\/\/baltled.com\/pl\/wp-json\/wp\/v2\/product_cat?post=40907"},{"taxonomy":"product_tag","embeddable":true,"href":"https:\/\/baltled.com\/pl\/wp-json\/wp\/v2\/product_tag?post=40907"}],"curies":[{"name":"wp","href":"https:\/\/api.w.org\/{rel}","templated":true}]}}